{"id":2,"date":"2025-10-07T07:54:20","date_gmt":"2025-10-07T10:54:20","guid":{"rendered":"https:\/\/extensao.uepb.edu.br\/proextpg\/?page_id=2"},"modified":"2025-12-02T16:49:57","modified_gmt":"2025-12-02T19:49:57","slug":"pagina-exemplo","status":"publish","type":"page","link":"https:\/\/extensao.uepb.edu.br\/proextpg\/pagina-exemplo\/","title":{"rendered":"Mostras Cient\u00edficas"},"content":{"rendered":"<div class=\"wpb-content-wrapper\"><p>[vc_row][vc_column][vc_column_text css=&#8221;&#8221;]As Mostras Cient\u00edficas do PROEXT\/PG da Universidade Estadual da Para\u00edba (UEPB) consolidam-se como espa\u00e7os de socializa\u00e7\u00e3o do conhecimento e fortalecimento do di\u00e1logo entre universidade e sociedade. Realizadas em parceria entre a Pr\u00f3-Reitoria de Extens\u00e3o (PROEX) e a Pr\u00f3-Reitoria de P\u00f3s-Gradua\u00e7\u00e3o e Pesquisa (PRPGP), essas mostras re\u00fanem projetos vinculados ao Programa de Extens\u00e3o e P\u00f3s-Gradua\u00e7\u00e3o (PROEXT\/PG), destacando a indissociabilidade entre ensino, pesquisa e extens\u00e3o.<\/p>\n<p>&nbsp;<\/p>\n<hr \/>\n<p>&nbsp;<\/p>\n<p><strong>MOSTRAS 2025<\/strong><\/p>\n<p><strong>1\u00b0MOSTRA: LAGOA SECA<\/strong><\/p>\n<p><img loading=\"lazy\" decoding=\"async\" class=\"wp-image-146 alignleft img-responsive\" src=\"https:\/\/extensao.uepb.edu.br\/proextpg\/wp-content\/uploads\/sites\/2\/2025\/10\/Captura-de-tela-2025-10-21-085835-275x300.png\" alt=\"\" width=\"163\" height=\"178\" srcset=\"https:\/\/extensao.uepb.edu.br\/proextpg\/wp-content\/uploads\/sites\/2\/2025\/10\/Captura-de-tela-2025-10-21-085835-275x300.png 275w, https:\/\/extensao.uepb.edu.br\/proextpg\/wp-content\/uploads\/sites\/2\/2025\/10\/Captura-de-tela-2025-10-21-085835.png 606w\" sizes=\"auto, (max-width: 163px) 100vw, 163px\" \/>A cidade sediou a <strong>Primeira Mostra de Pesquisa e Extens\u00e3o da UEPB<\/strong>, um evento in\u00e9dito realizado pelo\u00a0<strong>PROEXT-PG<\/strong>, programa que integra a Pr\u00f3-Reitoria de Extens\u00e3o e a Pr\u00f3-Reitoria de Pesquisa e P\u00f3s-Gradua\u00e7\u00e3o da Universidade Estadual da Para\u00edba. Com apoio da\u00a0<strong>CAPES<\/strong>, a iniciativa tem como objetivo promover os projetos de p\u00f3s-gradua\u00e7\u00e3o que tamb\u00e9m desenvolvem a\u00e7\u00f5es de extens\u00e3o, unindo ci\u00eancia e comunidade. A Primeira Mostra de Pesquisa e Extens\u00e3o da UEPB mostrou que ci\u00eancia, arte, cultura e educa\u00e7\u00e3o ambiental caminham lado a lado quando o objetivo \u00e9 transformar realidades. Ao ocupar o espa\u00e7o p\u00fablico com conhecimento e di\u00e1logo, a universidade reafirma seu papel como agente ativo na constru\u00e7\u00e3o de uma sociedade mais consciente, cr\u00edtica e conectada com seu territ\u00f3rio. A primeira edi\u00e7\u00e3o do evento teve a integra\u00e7\u00e3o de seis projetos de extens\u00e3o da Universidade com o intuito de levar os conhecimentos cient\u00edficos para a comunidade e com impacto social. Crian\u00e7as, adolescentes, adultos e idosos participaram de atividades e intera\u00e7\u00f5es que despertaram o interesse por temas como sustentabilidade, tecnologia e ci\u00eancia aplicada no dia a dia<\/p>\n<p>&nbsp;<\/p>\n<p><strong>2\u00b0 MOSTRA: CATOL\u00c9 DO ROCHA<\/strong><\/p>\n<p><img loading=\"lazy\" decoding=\"async\" class=\" wp-image-147 alignright img-responsive\" src=\"https:\/\/extensao.uepb.edu.br\/proextpg\/wp-content\/uploads\/sites\/2\/2025\/10\/2-Mostra-Catole-637x796-1-240x300.jpeg\" alt=\"\" width=\"133\" height=\"166\" srcset=\"https:\/\/extensao.uepb.edu.br\/proextpg\/wp-content\/uploads\/sites\/2\/2025\/10\/2-Mostra-Catole-637x796-1-240x300.jpeg 240w, https:\/\/extensao.uepb.edu.br\/proextpg\/wp-content\/uploads\/sites\/2\/2025\/10\/2-Mostra-Catole-637x796-1.jpeg 637w\" sizes=\"auto, (max-width: 133px) 100vw, 133px\" \/>A Universidade Estadual da Para\u00edba (UEPB) realizou, na sexta-feira (23\/05),\u00a0 a 2\u00aa Mostra de Pesquisa e Extens\u00e3o no munic\u00edpio de Catol\u00e9 do Rocha, Sert\u00e3o da Para\u00edba, onde est\u00e1 localizado o Centro de Ci\u00eancias Humanas e Agr\u00e1rias (CCHA), C\u00e2mpus IV. O evento \u00e9 elaborado pelo Programa de Extens\u00e3o e P\u00f3s-grada\u00e7\u00e3o (PROEX-PG), que integra a Pr\u00f3-reitoria de Extens\u00e3o (PROEX) e a Pr\u00f3-reitoria de Pesquisa e P\u00f3s-gradua\u00e7\u00e3o (PRPGP) da Universidade Estadual da Para\u00edba (UEPB), com o apoio da Funda\u00e7\u00e3o Coordena\u00e7\u00e3o de Aperfei\u00e7oamento de Pessoal de N\u00edvel Superior (Capes).<\/p>\n<p>O evento, que ocorreu na Pra\u00e7a Prefeito Jos\u00e9 S\u00e9rgio Maia, no per\u00edodo da manh\u00e3, configura-se como uma a\u00e7\u00e3o estrat\u00e9gica da Universidade para fortalecer os la\u00e7os entre a produ\u00e7\u00e3o acad\u00eamica e as demandas concretas da sociedade, promovendo a difus\u00e3o do conhecimento cient\u00edfico e a valoriza\u00e7\u00e3o da cultura local. A 2\u00b0 Mostra visou fortalecer a integra\u00e7\u00e3o entre a Universidade e a comunidade local, promovendo a divulga\u00e7\u00e3o de projetos acad\u00eamicos e iniciativas de extens\u00e3o desenvolvidas por estudantes e professores da UEPB.<\/p>\n<p>&nbsp;<\/p>\n<p><strong>3\u00b0 MOSTRA: GUARABIRA<\/strong><\/p>\n<p><img loading=\"lazy\" decoding=\"async\" class=\" wp-image-154 alignleft img-responsive\" src=\"https:\/\/extensao.uepb.edu.br\/proextpg\/wp-content\/uploads\/sites\/2\/2025\/10\/Captura-de-tela-2025-10-21-091323-240x300.png\" alt=\"\" width=\"145\" height=\"181\" srcset=\"https:\/\/extensao.uepb.edu.br\/proextpg\/wp-content\/uploads\/sites\/2\/2025\/10\/Captura-de-tela-2025-10-21-091323-240x300.png 240w, https:\/\/extensao.uepb.edu.br\/proextpg\/wp-content\/uploads\/sites\/2\/2025\/10\/Captura-de-tela-2025-10-21-091323-637x796.png 637w, https:\/\/extensao.uepb.edu.br\/proextpg\/wp-content\/uploads\/sites\/2\/2025\/10\/Captura-de-tela-2025-10-21-091323.png 645w\" sizes=\"auto, (max-width: 145px) 100vw, 145px\" \/>A Universidade Estadual da Para\u00edba (UEPB) realizou, na quarta-feira (27\/08), a 3\u00aa Mostra de Pesquisa e Extens\u00e3o no munic\u00edpio de Guarabira, Agreste da Para\u00edba, onde est\u00e1 localizado C\u00e2mpus III da Institui\u00e7\u00e3o. O evento \u00e9 elaborado pelo Programa de Extens\u00e3o e P\u00f3s-gradua\u00e7\u00e3o (PROEX-PG), que integra a Pr\u00f3-reitoria de Extens\u00e3o (PROEX) e a Pr\u00f3-reitoria de P\u00f3s-gradua\u00e7\u00e3o e Pesquisa (PRPGP) da (UEPB, com o apoio da Funda\u00e7\u00e3o Coordena\u00e7\u00e3o de Aperfei\u00e7oamento de Pessoal de N\u00edvel Superior (Capes).<\/p>\n<p>O evento ocorreu na Pra\u00e7a Jo\u00e3o Pessoa, localizada no Centro da cidade, no per\u00edodo da manh\u00e3, e configurou-se como uma a\u00e7\u00e3o estrat\u00e9gica da Universidade para fortalecer os la\u00e7os entre a produ\u00e7\u00e3o acad\u00eamica e as demandas concretas da sociedade, promovendo a difus\u00e3o do conhecimento cient\u00edfico e a valoriza\u00e7\u00e3o da cultura local. A 3\u00aa edi\u00e7\u00e3o da Mostra visou fortalecer a integra\u00e7\u00e3o entre a Universidade e a comunidade local, promovendo a divulga\u00e7\u00e3o de projetos acad\u00eamicos e iniciativas de extens\u00e3o desenvolvidas por estudantes e professores da UEPB.<\/p>\n<p>&nbsp;<\/p>\n<p><strong>4\u00b0 MOSTRA: CABEDELO<\/strong><\/p>\n<p>O munic\u00edpio de Cabedelo foi palco,no dia 7\/11\/2025, das 9h \u00e0s 14h, da 4\u00b0 Mostra de Pesquisa e Extens\u00e3o realizada pelo Programa de Extens\u00e3o da P\u00f3s-gradua\u00e7\u00e3o (PROEXTPG) da Universidade Estadual da Para\u00edba (UEPB). O evento aconteceu no Cabedelo Clube, espa\u00e7o localizado no Centro da cidade, e reuniu<img loading=\"lazy\" decoding=\"async\" class=\"wp-image-386 alignright img-responsive\" src=\"https:\/\/extensao.uepb.edu.br\/proextpg\/wp-content\/uploads\/sites\/2\/2025\/11\/Design-sem-nome-12-240x300.png\" alt=\"\" width=\"178\" height=\"223\" srcset=\"https:\/\/extensao.uepb.edu.br\/proextpg\/wp-content\/uploads\/sites\/2\/2025\/11\/Design-sem-nome-12-240x300.png 240w, https:\/\/extensao.uepb.edu.br\/proextpg\/wp-content\/uploads\/sites\/2\/2025\/11\/Design-sem-nome-12-637x796.png 637w, https:\/\/extensao.uepb.edu.br\/proextpg\/wp-content\/uploads\/sites\/2\/2025\/11\/Design-sem-nome-12.png 1080w\" sizes=\"auto, (max-width: 178px) 100vw, 178px\" \/> estudantes, professores(a) e pesquisadores(as) de diversos c\u00e2mpus da Institui\u00e7\u00e3o em um dia dedicado \u00e0 troca de experi\u00eancias, apresenta\u00e7\u00f5es e reflex\u00f5es sobre o papel social da ci\u00eancia.<\/p>\n<p>A Mostra \u00e9 promovida pela Pr\u00f3-reitoria de P\u00f3s-Gradua\u00e7\u00e3o e Pesquisa (PRPGP), em parceria com a Pr\u00f3-reitoria de Extens\u00e3o (PROEX) e tem como foco divulgar os resultados dos projetos que unem pesquisa acad\u00eamica e a\u00e7\u00e3o extensionista. Esses projetos s\u00e3o desenvolvidos nos programas de p\u00f3s-gradua\u00e7\u00e3o da UEPB e buscam aproximar o conhecimento cient\u00edfico das demandas da sociedade. Ao todo, ser\u00e3o 48 pesquisadores(as) e estudantes extensionistas que participar\u00e3o da a\u00e7\u00e3o, apresentando resultados, experi\u00eancias e metodologias que evidenciam como a pesquisa acad\u00eamica pode gerar impactos concretos em diferentes contextos sociais.<\/p>\n<p>As atividades da Mostra inclu\u00edram exposi\u00e7\u00f5es de trabalhos e relatos de viv\u00eancias extensionistas, promovendo o di\u00e1logo entre ci\u00eancia, comunidade e pol\u00edticas p\u00fablicas. A iniciativa refor\u00e7ou a import\u00e2ncia da indissociabilidade entre ensino, pesquisa e extens\u00e3o como fundamento da forma\u00e7\u00e3o universit\u00e1ria e express\u00e3o do compromisso social da UEPB.<\/p>\n<p>&nbsp;<\/p>\n<hr \/>\n<p>[\/vc_column_text][\/vc_column][\/vc_row]<\/p>\n<\/div>","protected":false},"excerpt":{"rendered":"<p>[vc_row][vc_column][vc_column_text css=&#8221;&#8221;]As Mostras Cient\u00edficas do PROEXT\/PG da Universidade Estadual da Para\u00edba (UEPB) consolidam-se como espa\u00e7os de socializa\u00e7\u00e3o do conhecimento e fortalecimento do di\u00e1logo entre universidade e sociedade. Realizadas em parceria entre a Pr\u00f3-Reitoria de Extens\u00e3o (PROEX) e a Pr\u00f3-Reitoria de P\u00f3s-Gradua\u00e7\u00e3o e Pesquisa (PRPGP), essas mostras re\u00fanem projetos vinculados ao Programa de Extens\u00e3o e P\u00f3s-Gradua\u00e7\u00e3o <a class=\"leiamais\" href=\"https:\/\/extensao.uepb.edu.br\/proextpg\/pagina-exemplo\/\">Leia Mais&#8230;<\/a><\/p>\n","protected":false},"author":2,"featured_media":0,"parent":0,"menu_order":0,"comment_status":"closed","ping_status":"open","template":"","meta":{"footnotes":""},"class_list":["post-2","page","type-page","status-publish","hentry"],"_links":{"self":[{"href":"https:\/\/extensao.uepb.edu.br\/proextpg\/wp-json\/wp\/v2\/pages\/2","targetHints":{"allow":["GET"]}}],"collection":[{"href":"https:\/\/extensao.uepb.edu.br\/proextpg\/wp-json\/wp\/v2\/pages"}],"about":[{"href":"https:\/\/extensao.uepb.edu.br\/proextpg\/wp-json\/wp\/v2\/types\/page"}],"author":[{"embeddable":true,"href":"https:\/\/extensao.uepb.edu.br\/proextpg\/wp-json\/wp\/v2\/users\/2"}],"replies":[{"embeddable":true,"href":"https:\/\/extensao.uepb.edu.br\/proextpg\/wp-json\/wp\/v2\/comments?post=2"}],"version-history":[{"count":20,"href":"https:\/\/extensao.uepb.edu.br\/proextpg\/wp-json\/wp\/v2\/pages\/2\/revisions"}],"predecessor-version":[{"id":410,"href":"https:\/\/extensao.uepb.edu.br\/proextpg\/wp-json\/wp\/v2\/pages\/2\/revisions\/410"}],"wp:attachment":[{"href":"https:\/\/extensao.uepb.edu.br\/proextpg\/wp-json\/wp\/v2\/media?parent=2"}],"curies":[{"name":"wp","href":"https:\/\/api.w.org\/{rel}","templated":true}]}}