{"id":20,"date":"2025-10-16T10:17:16","date_gmt":"2025-10-16T13:17:16","guid":{"rendered":"https:\/\/extensao.uepb.edu.br\/proextpg\/?page_id=20"},"modified":"2025-10-21T16:08:21","modified_gmt":"2025-10-21T19:08:21","slug":"pagina-inicial","status":"publish","type":"page","link":"https:\/\/extensao.uepb.edu.br\/proextpg\/","title":{"rendered":"P\u00e1gina Inicial"},"content":{"rendered":"<div class=\"wpb-content-wrapper\"><p>[vc_row gap=&#8221;30&#8243;][vc_column][vc_text_separator title=&#8221;Not\u00edcias&#8221; i_icon_fontawesome=&#8221;fa fa-solid fa-angles-right&#8221; i_color=&#8221;custom&#8221; title_align=&#8221;separator_align_left&#8221; css=&#8221;&#8221; add_icon=&#8221;true&#8221; i_custom_color=&#8221;#CC0000&#8243;]<div class=\"mdl-grid\"><div class=\"mdl-cell mdl-cell--4-col mdl-cell--6-col-tablet mdl-cell--12-col-phone bloco-noticias\"><div class=\"imagem-destaque-noticia\"><a href=\"https:\/\/extensao.uepb.edu.br\/proextpg\/2026\/04\/20\/463\/\"><img decoding=\"async\" src=\"https:\/\/extensao.uepb.edu.br\/proextpg\/wp-content\/uploads\/sites\/2\/2026\/04\/Proextpg.jpg\" class=\"img-destaque-noticia img-responsive\" alt=\"\" title=\"\"\/><\/a><\/div><div class=\"titulo-noticia-widget\"><a href=\"https:\/\/extensao.uepb.edu.br\/proextpg\/2026\/04\/20\/463\/\" class=\"vc_gitem-link\"><h3 class=\"titulo-destaque-noticia\"><\/h3><\/a><\/div><div class=\"titulo-noticia-widget\"><a href=\"https:\/\/extensao.uepb.edu.br\/proextpg\/2025\/12\/09\/perfil-da-caatinga-aos-cordeis-da-ciencia-a-caminhada-inventiva-de-jota-lima\/\"><h3 class=\"titulo-destaque-noticia\">PERFIL| Da Caatinga aos Cord\u00e9is da Ci\u00eancia: a Caminhada Inventiva de Jota Lima<\/h3><\/a><\/div><div class=\"titulo-noticia-widget\"><a href=\"https:\/\/extensao.uepb.edu.br\/proextpg\/2025\/10\/31\/acoes-de-extensao-da-uepb-promovem-saude-bucal-e-dialogo-sobre-atendimento-a-pessoas-com-tea-em-monteiro\/\"><h3 class=\"titulo-destaque-noticia\">A\u00e7\u00f5es de Extens\u00e3o da UEPB promovem sa\u00fade bucal e di\u00e1logo sobre atendimento a pessoas com TEA em Monteiro<\/h3><\/a><\/div><div class=\"titulo-noticia-widget\"><a href=\"https:\/\/extensao.uepb.edu.br\/proextpg\/2025\/10\/27\/perfil-sergio-lopes-e-a-missao-de-cultivar-conhecimento-em-solo-paraibano\/\"><h3 class=\"titulo-destaque-noticia\">PERFIL|  S\u00e9rgio Lopes e a miss\u00e3o de cultivar conhecimento em solo paraibano<\/h3><\/a><\/div><\/div><div class=\"mdl-cell mdl-cell--4-col mdl-cell--6-col-tablet mdl-cell--12-col-phone bloco-noticias\"><div class=\"imagem-destaque-noticia\"><a href=\"https:\/\/extensao.uepb.edu.br\/proextpg\/2026\/03\/25\/listagem-dos-trabalhos-aprovados\/\"><img decoding=\"async\" src=\"https:\/\/extensao.uepb.edu.br\/proextpg\/wp-content\/uploads\/sites\/2\/2026\/03\/Proextpg-3.png\" class=\"img-destaque-noticia img-responsive\" alt=\"Listagem dos Trabalhos Aprovados\" title=\"Listagem dos Trabalhos Aprovados\"\/><\/a><\/div><div class=\"titulo-noticia-widget\"><a href=\"https:\/\/extensao.uepb.edu.br\/proextpg\/2026\/03\/25\/listagem-dos-trabalhos-aprovados\/\" class=\"vc_gitem-link\"><h3 class=\"titulo-destaque-noticia\">Listagem dos Trabalhos Aprovados<\/h3><\/a><\/div><div class=\"titulo-noticia-widget\"><a href=\"https:\/\/extensao.uepb.edu.br\/proextpg\/2025\/10\/22\/perfil-nas-raizes-do-futuro-o-solo-vivo-da-pesquisa-de-elida-barbosa\/\"><h3 class=\"titulo-destaque-noticia\">PERFIL| Nas ra\u00edzes do futuro: o solo vivo da pesquisa de \u00c9lida Barbosa<\/h3><\/a><\/div><div class=\"titulo-noticia-widget\"><a href=\"https:\/\/extensao.uepb.edu.br\/proextpg\/2025\/10\/17\/nosso-nordeste-em-cordel-tradicao-popular-e-saber-cientifico\/\"><h3 class=\"titulo-destaque-noticia\">Nosso Nordeste em Cordel: tradi\u00e7\u00e3o popular e saber cient\u00edfico<\/h3><\/a><\/div><div class=\"titulo-noticia-widget\"><a href=\"https:\/\/extensao.uepb.edu.br\/proextpg\/2025\/10\/13\/teste-post\/\"><h3 class=\"titulo-destaque-noticia\">Professor vinculado ao ProextPG lan\u00e7a livro pela EDUEPB<\/h3><\/a><\/div><\/div><div class=\"mdl-cell mdl-cell--4-col mdl-cell--6-col-tablet mdl-cell--12-col-phone bloco-noticias\"><div class=\"imagem-destaque-noticia\"><a href=\"https:\/\/extensao.uepb.edu.br\/proextpg\/2026\/03\/20\/444\/\"><img decoding=\"async\" src=\"https:\/\/extensao.uepb.edu.br\/proextpg\/wp-content\/uploads\/sites\/2\/2026\/03\/Proextpg-1.png\" class=\"img-destaque-noticia img-responsive\" alt=\"\" title=\"\"\/><\/a><\/div><div class=\"titulo-noticia-widget\"><a href=\"https:\/\/extensao.uepb.edu.br\/proextpg\/2026\/03\/20\/444\/\" class=\"vc_gitem-link\"><h3 class=\"titulo-destaque-noticia\"><\/h3><\/a><\/div><div class=\"titulo-noticia-widget\"><a href=\"https:\/\/extensao.uepb.edu.br\/proextpg\/2025\/10\/10\/do-laboratorio-a-escola-levin-leva-ciencia-e-extensao-ao-colegio-motiva\/\"><h3 class=\"titulo-destaque-noticia\">Do laborat\u00f3rio \u00e0 escola: LEVIN leva ci\u00eancia e extens\u00e3o ao Col\u00e9gio Motiva<\/h3><\/a><\/div><div class=\"titulo-noticia-widget\"><a href=\"https:\/\/extensao.uepb.edu.br\/proextpg\/2025\/10\/07\/105\/\"><h3 class=\"titulo-destaque-noticia\">Projeto doProextPG atua no combate \u00e0 intoxica\u00e7\u00e3o por metanol<\/h3><\/a><\/div><div class=\"titulo-noticia-widget\"><a href=\"https:\/\/extensao.uepb.edu.br\/proextpg\/2025\/10\/03\/ola-mundo\/\"><h3 class=\"titulo-destaque-noticia\">ProextPg participa da 3\u00b0 Festa da Colheita em Esperan\u00e7a-PB<\/h3><\/a><\/div><\/div><\/div>[vc_btn title=&#8221;Mais Not\u00edcias&#8230;&#8221; style=&#8221;flat&#8221; shape=&#8221;square&#8221; color=&#8221;danger&#8221; size=&#8221;lg&#8221; align=&#8221;right&#8221; css=&#8221;&#8221; link=&#8221;url:https%3A%2F%2Fextensao.uepb.edu.br%2Fproextpg%2Fcategory%2Fnoticias%2F&#8221;][vc_text_separator title=&#8221;Apresenta\u00e7\u00e3o&#8221; i_icon_fontawesome=&#8221;fa fa-solid fa-angles-right&#8221; i_color=&#8221;custom&#8221; title_align=&#8221;separator_align_left&#8221; css=&#8221;&#8221; add_icon=&#8221;true&#8221; i_custom_color=&#8221;#CC0000&#8243;][vc_column_text css=&#8221;&#8221;]O <strong>Programa de Extens\u00e3o da P\u00f3s-Gradua\u00e7\u00e3o (PROEXT\/PG)<\/strong> representa uma pol\u00edtica institucional que reafirma o comprometimento social da universidade e a indissociabilidade entre ensino, pesquisa e extens\u00e3o. Seu prop\u00f3sito central \u00e9 fortalecer a presen\u00e7a da p\u00f3s-gradua\u00e7\u00e3o nas a\u00e7\u00f5es extensionistas, integrando o saber cient\u00edfico \u00e0 realidade social e promovendo o di\u00e1logo entre o conhecimento acad\u00eamico e os saberes populares e comunit\u00e1rios.[\/vc_column_text][\/vc_column][\/vc_row]<\/p>\n<\/div>","protected":false},"excerpt":{"rendered":"<p>[vc_row gap=&#8221;30&#8243;][vc_column][vc_text_separator title=&#8221;Not\u00edcias&#8221; i_icon_fontawesome=&#8221;fa fa-solid fa-angles-right&#8221; i_color=&#8221;custom&#8221; title_align=&#8221;separator_align_left&#8221; css=&#8221;&#8221; add_icon=&#8221;true&#8221; i_custom_color=&#8221;#CC0000&#8243;][vc_btn title=&#8221;Mais Not\u00edcias&#8230;&#8221; style=&#8221;flat&#8221; shape=&#8221;square&#8221; color=&#8221;danger&#8221; size=&#8221;lg&#8221; align=&#8221;right&#8221; css=&#8221;&#8221; link=&#8221;url:https%3A%2F%2Fextensao.uepb.edu.br%2Fproextpg%2Fcategory%2Fnoticias%2F&#8221;][vc_text_separator title=&#8221;Apresenta\u00e7\u00e3o&#8221; i_icon_fontawesome=&#8221;fa fa-solid fa-angles-right&#8221; i_color=&#8221;custom&#8221; title_align=&#8221;separator_align_left&#8221; css=&#8221;&#8221; add_icon=&#8221;true&#8221; i_custom_color=&#8221;#CC0000&#8243;][vc_column_text css=&#8221;&#8221;]O Programa de Extens\u00e3o da P\u00f3s-Gradua\u00e7\u00e3o (PROEXT\/PG) representa uma pol\u00edtica institucional que reafirma o comprometimento social da universidade e a indissociabilidade entre ensino, pesquisa e extens\u00e3o. <a class=\"leiamais\" href=\"https:\/\/extensao.uepb.edu.br\/proextpg\/\">Leia Mais&#8230;<\/a><\/p>\n","protected":false},"author":1,"featured_media":0,"parent":0,"menu_order":0,"comment_status":"closed","ping_status":"closed","template":"","meta":{"footnotes":""},"class_list":["post-20","page","type-page","status-publish","hentry"],"_links":{"self":[{"href":"https:\/\/extensao.uepb.edu.br\/proextpg\/wp-json\/wp\/v2\/pages\/20","targetHints":{"allow":["GET"]}}],"collection":[{"href":"https:\/\/extensao.uepb.edu.br\/proextpg\/wp-json\/wp\/v2\/pages"}],"about":[{"href":"https:\/\/extensao.uepb.edu.br\/proextpg\/wp-json\/wp\/v2\/types\/page"}],"author":[{"embeddable":true,"href":"https:\/\/extensao.uepb.edu.br\/proextpg\/wp-json\/wp\/v2\/users\/1"}],"replies":[{"embeddable":true,"href":"https:\/\/extensao.uepb.edu.br\/proextpg\/wp-json\/wp\/v2\/comments?post=20"}],"version-history":[{"count":12,"href":"https:\/\/extensao.uepb.edu.br\/proextpg\/wp-json\/wp\/v2\/pages\/20\/revisions"}],"predecessor-version":[{"id":196,"href":"https:\/\/extensao.uepb.edu.br\/proextpg\/wp-json\/wp\/v2\/pages\/20\/revisions\/196"}],"wp:attachment":[{"href":"https:\/\/extensao.uepb.edu.br\/proextpg\/wp-json\/wp\/v2\/media?parent=20"}],"curies":[{"name":"wp","href":"https:\/\/api.w.org\/{rel}","templated":true}]}}