{"id":29,"date":"2025-10-13T08:58:51","date_gmt":"2025-10-13T11:58:51","guid":{"rendered":"https:\/\/extensao.uepb.edu.br\/proextpg\/?page_id=29"},"modified":"2025-11-11T16:01:24","modified_gmt":"2025-11-11T19:01:24","slug":"teste-pagina-teste","status":"publish","type":"page","link":"https:\/\/extensao.uepb.edu.br\/proextpg\/teste-pagina-teste\/","title":{"rendered":"Na M\u00eddia"},"content":{"rendered":"<p><b>\u00a0Na M\u00eddia ProextPG<\/b><\/p>\n<p>A presen\u00e7a do PROEXT\/PG na m\u00eddia tem ampliado a visibilidade das a\u00e7\u00f5es de pesquisa e extens\u00e3o desenvolvidas pela UEPB. Reportagens, mat\u00e9rias e postagens em portais e redes sociais destacam a relev\u00e2ncia social e cient\u00edfica dos projetos, evidenciando o compromisso da universidade com a populariza\u00e7\u00e3o do conhecimento. Essa divulga\u00e7\u00e3o fortalece a imagem p\u00fablica da UEPB, valoriza o trabalho de estudantes e docentes e aproxima a comunidade das pr\u00e1ticas acad\u00eamicas que transformam realidades locais.<\/p>\n<p><a href=\"https:\/\/www.youtube.com\/@PROEXTPGUEPB\">Ci\u00eancia na Mesa &#8211; Nosso Canal no YouTube<\/a><\/p>\n<p><a href=\"https:\/\/open.spotify.com\/episode\/0gEiCiiDkJgyoT6mq4CfnT?si=IgEg816wRgOhGkmhVWxOAg&amp;fbclid=PAZXh0bgNhZW0CMTEAAadJxndGwrNfy_n0muxK8SkQRfFxIWjQsAZDpLk3T-wjGOd0Cpkpinpm0agTnQ_aem_2swU-clvtoQdkgcegTMt0A&amp;nd=1&amp;dlsi=c516a6415f7c436e\">Spotify &#8211; Ci\u00eancia na Mesa<\/a><\/p>\n<p><a href=\"http:\/\/proextpg.uepb\">Instagram\u00a0<\/a><\/p>\n<p>&nbsp;<\/p>\n<p><strong>1\u00b0 MOSTRA LAGOA SECA:\u00a0<\/strong><\/p>\n<ol>\n<li style=\"font-weight: 400\"><a href=\"https:\/\/seligapb.com.br\/i-mostra-de-pesquisa-e-ensino-do-proext-pg-uepb-leva-ciencia-ao-municipio-de-lagoa-seca\/\"><span style=\"font-weight: 400\">https:\/\/seligapb.com.br\/i-mostra-de-pesquisa-e-ensino-do-proext-pg-uepb-leva-ciencia-ao-municipio-de-lagoa-seca\/<\/span><\/a><\/li>\n<li style=\"font-weight: 400\"><a href=\"https:\/\/blogdomarciorangel.com.br\/2025\/04\/07\/lagoa-seca-recebe-iniciativa-academica-da-uepb-com-a-1a-mostra-de-pesquisa-e-extensao\/\"><span style=\"font-weight: 400\">https:\/\/blogdomarciorangel.com.br\/2025\/04\/07\/lagoa-seca-recebe-iniciativa-academica-da-uepb-com-a-1a-mostra-de-pesquisa-e-extensao\/<\/span><\/a><\/li>\n<li style=\"font-weight: 400\"><a href=\"https:\/\/www.facebook.com\/reel\/701269999257017\"><span style=\"font-weight: 400\">https:\/\/www.facebook.com\/reel\/701269999257017<\/span><\/a><span style=\"font-weight: 400\">\u00a0<\/span><\/li>\n<li style=\"font-weight: 400\"><a href=\"https:\/\/www.facebook.com\/reel\/1056343436335294\"><span style=\"font-weight: 400\">https:\/\/www.facebook.com\/reel\/1056343436335294<\/span><\/a><\/li>\n<li style=\"font-weight: 400\"><a href=\"https:\/\/blogdomarciorangel.com.br\/2025\/04\/07\/lagoa-seca-recebe-iniciativa-academica-da-uepb-com-a-1a-mostra-de-pesquisa-e-extensao\/\"><span style=\"font-weight: 400\">https:\/\/blogdomarciorangel.com.br\/2025\/04\/07\/lagoa-seca-recebe-iniciativa-academica-da-uepb-com-a-1a-mostra-de-pesquisa-e-extensao\/<\/span><\/a><span style=\"font-weight: 400\">\u00a0<\/span><\/li>\n<li style=\"font-weight: 400\"><a href=\"https:\/\/paraibacultural.com.br\/primeira-mostra-de-pesquisa-e-extensao-da-uepb-movimenta-lagoa-seca-com-ciencia-arte-e-educacao-ambiental\/?srsltid=AfmBOoqAT8R_UL_UoHuevHKU5iwjATTXRkGO2b4MUID7DHBJao4usw89\"><span style=\"font-weight: 400\">https:\/\/paraibacultural.com.br\/primeira-mostra-de-pesquisa-e-extensao-da-uepb-movimenta-lagoa-seca-com-ciencia-arte-e-educacao-ambiental\/?srsltid=AfmBOoqAT8R_UL_UoHuevHKU5iwjATTXRkGO2b4MUID7DHBJao4usw89<\/span><\/a><span style=\"font-weight: 400\">\u00a0<\/span><\/li>\n<\/ol>\n<p><strong>2\u00b0 MOSTRA CATOL\u00c9 DO ROCHA<\/strong><\/p>\n<ol>\n<li style=\"font-weight: 400\"><a href=\"https:\/\/uepb.edu.br\/uepb-promove-2a-mostra-de-pesquisa-e-extensao-e-fortalece-dialogo-com-comunidade-de-catole-do-rocha\/\"><span style=\"font-weight: 400\">https:\/\/uepb.edu.br\/uepb-promove-2a-mostra-de-pesquisa-e-extensao-e-fortalece-dialogo-com-comunidade-de-catole-do-rocha\/<\/span><\/a><span style=\"font-weight: 400\">\u00a0<\/span><\/li>\n<li style=\"font-weight: 400\"><a href=\"https:\/\/www.crub.org.br\/uepb-promove-2a-mostra-de-pesquisa-e-extensao-e-fortalece-dialogo-com-comunidade-de-catole-do-rocha\/\"><span style=\"font-weight: 400\">https:\/\/www.crub.org.br\/uepb-promove-2a-mostra-de-pesquisa-e-extensao-e-fortalece-dialogo-com-comunidade-de-catole-do-rocha\/<\/span><\/a><span style=\"font-weight: 400\">\u00a0<\/span><\/li>\n<li style=\"font-weight: 400\"><a href=\"https:\/\/www.youtube.com\/watch?v=fiJ72Fo0VNg\"><span style=\"font-weight: 400\">https:\/\/www.youtube.com\/watch?v=fiJ72Fo0VNg<\/span><\/a><span style=\"font-weight: 400\"> (Rede TV UEPB)<\/span><\/li>\n<li style=\"font-weight: 400\"><a href=\"https:\/\/www.youtube.com\/watch?v=lLfSCqJjugU\"><span style=\"font-weight: 400\">https:\/\/www.youtube.com\/watch?v=lLfSCqJjugU<\/span><\/a><span style=\"font-weight: 400\"> (TV Itarar\u00e9)<\/span><\/li>\n<li style=\"font-weight: 400\"><a href=\"https:\/\/paraibacultural.com.br\/2a-mostra-entre-pesquisa-e-extensao-reune-projetos-inovadores-e-transformadores-em-catole-do-rocha\/\"><span style=\"font-weight: 400\">https:\/\/paraibacultural.com.br\/2a-mostra-entre-pesquisa-e-extensao-reune-projetos-inovadores-e-transformadores-em-catole-do-rocha\/<\/span><\/a><span style=\"font-weight: 400\"> (Para\u00edba Cultural)<\/span><\/li>\n<\/ol>\n<p><strong>3\u00b0 MOSTRA GUARABIRA\u00a0<\/strong><\/p>\n<ol>\n<li style=\"font-weight: 400\"><a href=\"https:\/\/uepb.edu.br\/uepb-promove-3a-edicao-da-mostra-de-pesquisa-e-extensao-com-acoes-abertas-a-comunidade-de-guarabira\/\"><span style=\"font-weight: 400\">https:\/\/uepb.edu.br\/uepb-promove-3a-edicao-da-mostra-de-pesquisa-e-extensao-com-acoes-abertas-a-comunidade-de-guarabira\/<\/span><\/a><\/li>\n<li style=\"font-weight: 400\"><a href=\"https:\/\/paraibacultural.com.br\/uepb-promove-3a-mostra-de-pesquisa-e-extensao-em-guarabira-com-acoes-abertas-a-comunidade-de-guarabira\/\"><span style=\"font-weight: 400\">https:\/\/paraibacultural.com.br\/uepb-promove-3a-mostra-de-pesquisa-e-extensao-em-guarabira-com-acoes-abertas-a-comunidade-de-guarabira\/<\/span><\/a><\/li>\n<li style=\"font-weight: 400\"><a href=\"https:\/\/seligapb.com.br\/uepb-promove-3a-mostra-de-pesquisa-e-extensao-em-guarabira-com-acoes-abertas-a-comunidade-de-guarabira\/\"><span style=\"font-weight: 400\">https:\/\/seligapb.com.br\/uepb-promove-3a-mostra-de-pesquisa-e-extensao-em-guarabira-com-acoes-abertas-a-comunidade-de-guarabira\/<\/span><\/a><\/li>\n<li style=\"font-weight: 400\"><a href=\"https:\/\/odiapb.com.br\/uepb-promove-3a-mostra-de-pesquisa-e-extensao-em-guarabira-com-acoes-abertas-a-comunidade-de-guarabira\/\"><span style=\"font-weight: 400\">https:\/\/odiapb.com.br\/uepb-promove-3a-mostra-de-pesquisa-e-extensao-em-guarabira-com-acoes-abertas-a-comunidade-de-guarabira\/<\/span><\/a><\/li>\n<li style=\"font-weight: 400\"><a href=\"https:\/\/pbminuto.com.br\/uepb-promove-3a-mostra-de-pesquisa-e-extensao-em-guarabira-com-acoes-abertas-a-comunidade-de-guarabira\/\"><span style=\"font-weight: 400\">https:\/\/pbminuto.com.br\/uepb-promove-3a-mostra-de-pesquisa-e-extensao-em-guarabira-com-acoes-abertas-a-comunidade-de-guarabira\/<\/span><\/a><\/li>\n<li style=\"font-weight: 400\"><a href=\"https:\/\/blogdomanso.com.br\/noticia\/1725\/uepb-promove-3o-mostra-de-pesquisa-e-extensao-em-guarabira-com-acoes-abertas-a-comunidade-de-guarabira\"><span style=\"font-weight: 400\">https:\/\/blogdomanso.com.br\/noticia\/1725\/uepb-promove-3o-mostra-de-pesquisa-e-extensao-em-guarabira-com-acoes-abertas-a-comunidade-de-guarabira<\/span><\/a><\/li>\n<li style=\"font-weight: 400\"><span style=\"font-weight: 400\">TV Uepb <\/span><a href=\"https:\/\/www.youtube.com\/watch?v=IxzXbqy1WVQ\"><span style=\"font-weight: 400\">https:\/\/www.youtube.com\/watch?v=IxzXbqy1WVQ<\/span><\/a><span style=\"font-weight: 400\">\u00a0<\/span><\/li>\n<\/ol>\n<p><strong>4\u00b0 MOSTRA CABEDELO<\/strong><\/p>\n<ol>\n<li><a href=\"https:\/\/seligapb.com.br\/4-mostra-de-pesquisa-e-extensao-destaca-a-integracao-entre-ciencia-e-sociedade\/\">https:\/\/seligapb.com.br\/4-mostra-de-pesquisa-e-extensao-destaca-a-integracao-entre-ciencia-e-sociedade\/<\/a><\/li>\n<li><a href=\"https:\/\/odiapb.com.br\/4-mostra-de-pesquisa-e-extensao-destaca-a-integracao-entre-ciencia-e-sociedade\/#\">https:\/\/odiapb.com.br\/4-mostra-de-pesquisa-e-extensao-destaca-a-integracao-entre-ciencia-e-sociedade\/#<\/a><\/li>\n<li><a href=\"https:\/\/pbminuto.com.br\/4-mostra-de-pesquisa-e-extensao-destaca-a-integracao-entre-ciencia-e-sociedade\/\">https:\/\/pbminuto.com.br\/4-mostra-de-pesquisa-e-extensao-destaca-a-integracao-entre-ciencia-e-sociedade\/<\/a><\/li>\n<li><a href=\"https:\/\/blogdomanso.com.br\/noticia\/1872\/4-d-mostra-de-pesquisa-e-extensao-destaca-a-integracao-entre-ciencia-e-sociedade\">https:\/\/blogdomanso.com.br\/noticia\/1872\/4-d-mostra-de-pesquisa-e-extensao-destaca-a-integracao-entre-ciencia-e-sociedade<\/a><\/li>\n<li><a href=\"https:\/\/uepb.edu.br\/4a-edicao-da-mostra-de-pesquisa-e-extensao-destaca-integracao-e-reflexoes-sobre-o-papel-social-da-ciencia\/\">https:\/\/uepb.edu.br\/4a-edicao-da-mostra-de-pesquisa-e-extensao-destaca-integracao-e-reflexoes-sobre-o-papel-social-da-ciencia\/<\/a><\/li>\n<li><a href=\"https:\/\/www.youtube.com\/watch?v=azj9eeJgiXU\">https:\/\/www.youtube.com\/watch?v=azj9eeJgiXU (TV UEPB)<\/a><\/li>\n<\/ol>\n<p>&nbsp;<\/p>\n<p><strong>OUTROS<\/strong><\/p>\n<p><a href=\"https:\/\/www.youtube.com\/live\/dwAAnVgX5Js\">Projeto Cordel Pedag\u00f3gico na Rede Ita<\/a><\/p>\n<p><a href=\"https:\/\/www.youtube.com\/watch?v=WmxaDnrUo7w\">Oficina &#8220;Nosso Nordeste em Cordel\u00a0<\/a><\/p>\n<p><a href=\"https:\/\/www.youtube.com\/watch?v=Y6FDbO1zhEU\">Sarau Ch\u00e1 realizado no Mapp<\/a><\/p>\n<p><a href=\"https:\/\/www.youtube.com\/watch?v=Owce0BaD1Q0\">Cordel Pedag\u00f3gico no Podcast Uepb em voz: di\u00e1logos sobre Extens\u00e3o e Ci\u00eancia<\/a><\/p>\n<p><a href=\"https:\/\/www.instagram.com\/reel\/DPdn1RZjSxX\/?igsh=MWRiNGpzNTM4aHpuZQ%3D%3D\">ProextPG participa da Festa da Colheita em Esperan\u00e7a-PB<\/a><\/p>\n<p><a href=\"https:\/\/www.youtube.com\/watch?v=MQ66d5po3Og\">Brincando ConsCi\u00eancia: Pesquisa de Doutorando une f\u00edsica e cultura popular<\/a><\/p>\n<p><a href=\"https:\/\/www.youtube.com\/watch?v=IJtMbNXfEoY&amp;t=315s\">Ciatox-CG atua em casos de intoxica\u00e7\u00f5es humanas e contribui com a pesquisa cient\u00edfica<\/a><\/p>\n<p>&nbsp;<\/p>\n","protected":false},"excerpt":{"rendered":"<p>\u00a0Na M\u00eddia ProextPG A presen\u00e7a do PROEXT\/PG na m\u00eddia tem ampliado a visibilidade das a\u00e7\u00f5es de pesquisa e extens\u00e3o desenvolvidas pela UEPB. Reportagens, mat\u00e9rias e postagens em portais e redes sociais destacam a relev\u00e2ncia social e cient\u00edfica dos projetos, evidenciando o compromisso da universidade com a populariza\u00e7\u00e3o do conhecimento. Essa divulga\u00e7\u00e3o fortalece a imagem p\u00fablica <a class=\"leiamais\" href=\"https:\/\/extensao.uepb.edu.br\/proextpg\/teste-pagina-teste\/\">Leia Mais&#8230;<\/a><\/p>\n","protected":false},"author":3,"featured_media":0,"parent":0,"menu_order":0,"comment_status":"closed","ping_status":"closed","template":"","meta":{"footnotes":""},"class_list":["post-29","page","type-page","status-publish","hentry"],"_links":{"self":[{"href":"https:\/\/extensao.uepb.edu.br\/proextpg\/wp-json\/wp\/v2\/pages\/29","targetHints":{"allow":["GET"]}}],"collection":[{"href":"https:\/\/extensao.uepb.edu.br\/proextpg\/wp-json\/wp\/v2\/pages"}],"about":[{"href":"https:\/\/extensao.uepb.edu.br\/proextpg\/wp-json\/wp\/v2\/types\/page"}],"author":[{"embeddable":true,"href":"https:\/\/extensao.uepb.edu.br\/proextpg\/wp-json\/wp\/v2\/users\/3"}],"replies":[{"embeddable":true,"href":"https:\/\/extensao.uepb.edu.br\/proextpg\/wp-json\/wp\/v2\/comments?post=29"}],"version-history":[{"count":14,"href":"https:\/\/extensao.uepb.edu.br\/proextpg\/wp-json\/wp\/v2\/pages\/29\/revisions"}],"predecessor-version":[{"id":369,"href":"https:\/\/extensao.uepb.edu.br\/proextpg\/wp-json\/wp\/v2\/pages\/29\/revisions\/369"}],"wp:attachment":[{"href":"https:\/\/extensao.uepb.edu.br\/proextpg\/wp-json\/wp\/v2\/media?parent=29"}],"curies":[{"name":"wp","href":"https:\/\/api.w.org\/{rel}","templated":true}]}}