{"id":8,"date":"2025-10-07T10:11:05","date_gmt":"2025-10-07T13:11:05","guid":{"rendered":"https:\/\/extensao.uepb.edu.br\/proextpg\/?page_id=8"},"modified":"2025-10-24T16:49:39","modified_gmt":"2025-10-24T19:49:39","slug":"apresentacao","status":"publish","type":"page","link":"https:\/\/extensao.uepb.edu.br\/proextpg\/apresentacao\/","title":{"rendered":"Apresenta\u00e7\u00e3o"},"content":{"rendered":"<div class=\"wpb-content-wrapper\"><p>[vc_row][vc_column][vc_column_text css=&#8221;&#8221;]<img loading=\"lazy\" decoding=\"async\" class=\"wp-image-51 alignleft img-responsive\" src=\"https:\/\/extensao.uepb.edu.br\/proextpg\/wp-content\/uploads\/sites\/2\/2025\/10\/CMSQ-UEPEXT-P01-1-300x300.jpg\" alt=\"\" width=\"151\" height=\"151\" srcset=\"https:\/\/extensao.uepb.edu.br\/proextpg\/wp-content\/uploads\/sites\/2\/2025\/10\/CMSQ-UEPEXT-P01-1-300x300.jpg 300w, https:\/\/extensao.uepb.edu.br\/proextpg\/wp-content\/uploads\/sites\/2\/2025\/10\/CMSQ-UEPEXT-P01-1-796x796.jpg 796w, https:\/\/extensao.uepb.edu.br\/proextpg\/wp-content\/uploads\/sites\/2\/2025\/10\/CMSQ-UEPEXT-P01-1.jpg 1080w\" sizes=\"auto, (max-width: 151px) 100vw, 151px\" \/>O <strong>Programa de Extens\u00e3o da P\u00f3s-Gradua\u00e7\u00e3o (PROEXT\/PG)<\/strong> representa uma pol\u00edtica institucional que reafirma o comprometimento social da universidade e a indissociabilidade entre ensino, pesquisa e extens\u00e3o. Seu prop\u00f3sito central \u00e9 fortalecer a presen\u00e7a da p\u00f3s-gradua\u00e7\u00e3o nas a\u00e7\u00f5es extensionistas, integrando o saber cient\u00edfico \u00e0 realidade social e promovendo o di\u00e1logo entre o conhecimento acad\u00eamico e os saberes populares e comunit\u00e1rios.<\/p>\n<p>Esta proposta trata de um conjunto de a\u00e7\u00f5es articuladas entre a Pr\u00f3-reitoria de P\u00f3s-gradua\u00e7\u00e3o e Pesquisa (PRPGP) e a Pr\u00f3-reitoria de Extens\u00e3o (PROEXT) da Universidade Estadual da Para\u00edba, para entre outros promover a\u00e7\u00f5es que contribuam para a realiza\u00e7\u00e3o de atividades de impacto social junto aos Programas de P\u00f3s-gradua\u00e7\u00e3o da UEPB, atrav\u00e9s de a\u00e7\u00f5es de integra\u00e7\u00e3o e interven\u00e7\u00e3o colaborativa de diferentes \u00e1reas do conhecimento, que permitam analisar quest\u00f5es socioambientais atrav\u00e9s de uma vis\u00e3o n\u00e3o compartimentalizada, mas sim integrada atrav\u00e9s de v\u00e1rios olhares em torno de eixos comuns, e envolvendo outros atores n\u00e3o acad\u00eamicos.<\/p>\n<p>Deste modo, os objetivos do ProextPG s\u00e3o:<\/p>\n<ol>\n<li>Fomentar a articula\u00e7\u00e3o entre a tr\u00edade ensino-pesquisa-extens\u00e3o de forma a promover a realiza\u00e7\u00e3o de atividades interdisciplinares que contribuam para o fortalecimento da forma\u00e7\u00e3o dos estudantes de p\u00f3s-gradua\u00e7\u00e3o com vistas a ampliar o impacto de seus projetos na, e para a sociedade;<\/li>\n<li>Estimular a interdisciplinaridade, atrav\u00e9s da integra\u00e7\u00e3o e interven\u00e7\u00e3o colaborativa de diferentes \u00e1reas do conhecimento, atrav\u00e9s das a\u00e7\u00f5es de diferentes programas de p\u00f3s-gradua\u00e7\u00e3o, para a concep\u00e7\u00e3o e execu\u00e7\u00e3o de atividades de extens\u00e3o, especialmente e conjuntamente com outros atores n\u00e3o acad\u00eamicos, a exemplo de movimentos e organiza\u00e7\u00f5es sociais, sociedade civil organizada, entre outros, para a produ\u00e7\u00e3o de conhecimentos, para a busca de solu\u00e7\u00e3o para problemas da sociedade e para o subs\u00eddio de pol\u00edticas p\u00fablicas relacionados \u00e0 sa\u00fade, ao meio ambiente, agricultura familiar e seguran\u00e7a alimentar.<\/li>\n<li>Incentivar o estabelecimento de novas coopera\u00e7\u00f5es e parcerias, estimulando a articula\u00e7\u00e3o entre Programas de p\u00f3s-gradua\u00e7\u00e3o, Institui\u00e7\u00f5es de Ci\u00eancia e Tecnologia (ICTs), \u00f3rg\u00e3os governamentais, sociedade civil, setores produtivos n\u00e3o acad\u00eamicos, e demais atores sociais, com vistas ao fortalecimento de atividades de extens\u00e3o, que auxiliem no fomento de solu\u00e7\u00f5es conjuntas e inovadoras relacionadas \u00e0 sa\u00fade, ao meio ambiente, agricultura familiar e seguran\u00e7a alimentar.<\/li>\n<li>Promover atividades de populariza\u00e7\u00e3o e divulga\u00e7\u00e3o da ci\u00eancia nas 8 cidades, onde existem campi da UEPB, atrav\u00e9s de realiza\u00e7\u00e3o de eventos em escolas, pra\u00e7as, feiras livres, bibliotecas e\/ou outros espa\u00e7os p\u00fablicos, atrav\u00e9s de interven\u00e7\u00f5es art\u00edstico-culturais, seja sob a forma de jogos, teatro, da conta\u00e7\u00e3o de hist\u00f3rias, atividades nucleadas por livros, entre outras, de forma a aproximar a sociedade da ci\u00eancia, e divulgar a\u00e7\u00f5es realizadas na Universidade, no \u00e2mbito de seus Programas de P\u00f3s-gradua\u00e7\u00e3o;<\/li>\n<\/ol>\n<p data-start=\"1218\" data-end=\"1655\">Com base na capacidade instalada da P\u00f3s-gradua\u00e7\u00e3o da Universidade Estadual da Para\u00edba, 3 eixos principais de interven\u00e7\u00e3o norteiam a presente proposta, a saber: 1. Populariza\u00e7\u00e3o e Divulga\u00e7\u00e3o da ci\u00eancia atrav\u00e9s da literatura e da arte; 2. Meio ambiente, agricultura familiar e seguran\u00e7a alimentar. 3. Aten\u00e7\u00e3o \u00e0 sa\u00fade.<\/p>\n<p data-start=\"1218\" data-end=\"1655\">O PROEXT\/PG busca, portanto, promover a articula\u00e7\u00e3o entre ci\u00eancia, cidadania e desenvolvimento social, contribuindo para a constru\u00e7\u00e3o de uma universidade cada vez mais aberta, inclusiva e participativa. As a\u00e7\u00f5es fomentadas pelo programa abrangem atividades de divulga\u00e7\u00e3o cient\u00edfica, inova\u00e7\u00e3o social, educa\u00e7\u00e3o popular, forma\u00e7\u00e3o cidad\u00e3, sustentabilidade, comunica\u00e7\u00e3o p\u00fablica da ci\u00eancia e fortalecimento de pol\u00edticas p\u00fablicas.<\/p>\n<p data-start=\"1657\" data-end=\"2103\">Essas iniciativas se caracterizam pelo car\u00e1ter interdisciplinar e colaborativo, envolvendo parcerias entre diferentes programas de p\u00f3s-gradua\u00e7\u00e3o, grupos de pesquisa, institui\u00e7\u00f5es p\u00fablicas, organiza\u00e7\u00f5es da sociedade civil e comunidades locais. A inten\u00e7\u00e3o \u00e9 consolidar uma rede de saberes e pr\u00e1ticas que reflita o compromisso \u00e9tico e social da universidade, com foco no impacto concreto das a\u00e7\u00f5es sobre a vida das pessoas.<\/p>\n<p data-start=\"177\" data-end=\"457\">Ao todo, est\u00e3o vinculados 12 Projetos de Extens\u00e3o que integram os Programas de P\u00f3s-Gradua\u00e7\u00e3o da Universidade Estadual da Para\u00edba (UEPB) e que se articulam ao PROEXT\/PG, representando a diversidade tem\u00e1tica, cient\u00edfica e social das a\u00e7\u00f5es desenvolvidas na institui\u00e7\u00e3o.<\/p>\n<p data-start=\"459\" data-end=\"943\">Esses projetos expressam a pot\u00eancia da extens\u00e3o universit\u00e1ria como pr\u00e1tica formativa e transformadora, envolvendo docentes, discentes e comunidades em um processo cont\u00ednuo de troca de saberes, constru\u00e7\u00e3o coletiva de conhecimento e interven\u00e7\u00e3o social qualificada. Cada proposta reflete o compromisso dos Programas de P\u00f3s-Gradua\u00e7\u00e3o em alinhar a produ\u00e7\u00e3o cient\u00edfica \u00e0 realidade concreta, ampliando o impacto social das pesquisas e fortalecendo a fun\u00e7\u00e3o p\u00fablica da universidade.<\/p>\n<p data-start=\"945\" data-end=\"1365\">Os projetos abrangem diferentes \u00e1reas do conhecimento, dialogando com temas como sustentabilidade, sa\u00fade, educa\u00e7\u00e3o, comunica\u00e7\u00e3o, tecnologia, agroecologia, cultura e inova\u00e7\u00e3o social. Por meio dessas a\u00e7\u00f5es, a UEPB reafirma sua identidade como universidade comprometida com o desenvolvimento humano e regional, promovendo a integra\u00e7\u00e3o entre teoria e pr\u00e1tica, universidade e sociedade, ci\u00eancia e cidadania.<\/p>\n<p data-start=\"234\" data-end=\"675\">Deste modo, o PROEXT\/PG amplia o alcance social da ci\u00eancia, estimulando a populariza\u00e7\u00e3o do conhecimento e o fortalecimento da cultura cient\u00edfica como bens p\u00fablicos essenciais. Ao incentivar o di\u00e1logo entre a produ\u00e7\u00e3o acad\u00eamica e os diversos segmentos da sociedade, o programa contribui para que o saber cient\u00edfico se torne acess\u00edvel, significativo e transformador.<\/p>\n<p data-start=\"677\" data-end=\"1144\">Essa concep\u00e7\u00e3o est\u00e1 em plena conson\u00e2ncia com as Diretrizes Nacionais da Extens\u00e3o Universit\u00e1ria, que compreendem a extens\u00e3o como um processo educativo, cultural e cient\u00edfico que integra a universidade aos demais setores sociais, em uma rela\u00e7\u00e3o horizontal e dial\u00f3gica.<\/p>\n<p data-start=\"677\" data-end=\"1144\"><img loading=\"lazy\" decoding=\"async\" class=\"wp-image-259 alignleft img-responsive\" src=\"https:\/\/extensao.uepb.edu.br\/proextpg\/wp-content\/uploads\/sites\/2\/2025\/10\/layout-site-Proextpg-300x169.jpg\" alt=\"\" width=\"270\" height=\"152\" srcset=\"https:\/\/extensao.uepb.edu.br\/proextpg\/wp-content\/uploads\/sites\/2\/2025\/10\/layout-site-Proextpg-300x169.jpg 300w, https:\/\/extensao.uepb.edu.br\/proextpg\/wp-content\/uploads\/sites\/2\/2025\/10\/layout-site-Proextpg-1536x864.jpg 1536w, https:\/\/extensao.uepb.edu.br\/proextpg\/wp-content\/uploads\/sites\/2\/2025\/10\/layout-site-Proextpg-1120x630.jpg 1120w, https:\/\/extensao.uepb.edu.br\/proextpg\/wp-content\/uploads\/sites\/2\/2025\/10\/layout-site-Proextpg.jpg 1920w\" sizes=\"auto, (max-width: 270px) 100vw, 270px\" \/><\/p>\n<p>[\/vc_column_text][\/vc_column][\/vc_row]<\/p>\n<\/div>","protected":false},"excerpt":{"rendered":"<p>[vc_row][vc_column][vc_column_text css=&#8221;&#8221;]O Programa de Extens\u00e3o da P\u00f3s-Gradua\u00e7\u00e3o (PROEXT\/PG) representa uma pol\u00edtica institucional que reafirma o comprometimento social da universidade e a indissociabilidade entre ensino, pesquisa e extens\u00e3o. Seu prop\u00f3sito central \u00e9 fortalecer a presen\u00e7a da p\u00f3s-gradua\u00e7\u00e3o nas a\u00e7\u00f5es extensionistas, integrando o saber cient\u00edfico \u00e0 realidade social e promovendo o di\u00e1logo entre o conhecimento acad\u00eamico e <a class=\"leiamais\" href=\"https:\/\/extensao.uepb.edu.br\/proextpg\/apresentacao\/\">Leia Mais&#8230;<\/a><\/p>\n","protected":false},"author":1,"featured_media":0,"parent":0,"menu_order":0,"comment_status":"closed","ping_status":"closed","template":"","meta":{"footnotes":""},"class_list":["post-8","page","type-page","status-publish","hentry"],"_links":{"self":[{"href":"https:\/\/extensao.uepb.edu.br\/proextpg\/wp-json\/wp\/v2\/pages\/8","targetHints":{"allow":["GET"]}}],"collection":[{"href":"https:\/\/extensao.uepb.edu.br\/proextpg\/wp-json\/wp\/v2\/pages"}],"about":[{"href":"https:\/\/extensao.uepb.edu.br\/proextpg\/wp-json\/wp\/v2\/types\/page"}],"author":[{"embeddable":true,"href":"https:\/\/extensao.uepb.edu.br\/proextpg\/wp-json\/wp\/v2\/users\/1"}],"replies":[{"embeddable":true,"href":"https:\/\/extensao.uepb.edu.br\/proextpg\/wp-json\/wp\/v2\/comments?post=8"}],"version-history":[{"count":12,"href":"https:\/\/extensao.uepb.edu.br\/proextpg\/wp-json\/wp\/v2\/pages\/8\/revisions"}],"predecessor-version":[{"id":260,"href":"https:\/\/extensao.uepb.edu.br\/proextpg\/wp-json\/wp\/v2\/pages\/8\/revisions\/260"}],"wp:attachment":[{"href":"https:\/\/extensao.uepb.edu.br\/proextpg\/wp-json\/wp\/v2\/media?parent=8"}],"curies":[{"name":"wp","href":"https:\/\/api.w.org\/{rel}","templated":true}]}}